{"id":27217,"date":"2025-08-09T18:00:36","date_gmt":"2025-08-09T21:00:36","guid":{"rendered":"https:\/\/www.bocaboca.com.br\/cine-pitching\/?page_id=27217"},"modified":"2025-08-09T18:05:31","modified_gmt":"2025-08-09T21:05:31","slug":"eventos","status":"publish","type":"page","link":"https:\/\/www.bocaboca.com.br\/cine-pitching\/eventos\/","title":{"rendered":"Eventos"},"content":{"rendered":"\t\t<div data-elementor-type=\"wp-page\" data-elementor-id=\"27217\" class=\"elementor elementor-27217\" data-elementor-settings=\"{&quot;ha_cmc_init_switcher&quot;:&quot;no&quot;}\" data-elementor-post-type=\"page\">\n\t\t\t\t\t\t<section class=\"elementor-section elementor-top-section elementor-element elementor-element-6503eae elementor-hidden-mobile elementor-section-boxed elementor-section-height-default elementor-section-height-default\" data-id=\"6503eae\" data-element_type=\"section\" data-settings=\"{&quot;_ha_eqh_enable&quot;:false}\">\n\t\t\t\t\t\t<div class=\"elementor-container elementor-column-gap-default\">\n\t\t\t\t\t<div class=\"elementor-column elementor-col-100 elementor-top-column elementor-element elementor-element-709b777\" data-id=\"709b777\" data-element_type=\"column\">\n\t\t\t<div class=\"elementor-widget-wrap elementor-element-populated\">\n\t\t\t\t\t\t<div class=\"elementor-element elementor-element-32397e4 elementor-widget elementor-widget-spacer\" data-id=\"32397e4\" data-element_type=\"widget\" data-widget_type=\"spacer.default\">\n\t\t\t\t<div class=\"elementor-widget-container\">\n\t\t\t\t\t\t\t<div class=\"elementor-spacer\">\n\t\t\t<div class=\"elementor-spacer-inner\"><\/div>\n\t\t<\/div>\n\t\t\t\t\t\t<\/div>\n\t\t\t\t<\/div>\n\t\t\t\t\t<\/div>\n\t\t<\/div>\n\t\t\t\t\t<\/div>\n\t\t<\/section>\n\t\t\t\t<section class=\"elementor-section elementor-top-section elementor-element elementor-element-92beb52 elementor-section-boxed elementor-section-height-default elementor-section-height-default\" data-id=\"92beb52\" data-element_type=\"section\" data-settings=\"{&quot;_ha_eqh_enable&quot;:false}\">\n\t\t\t\t\t\t<div class=\"elementor-container elementor-column-gap-default\">\n\t\t\t\t\t<div class=\"elementor-column elementor-col-100 elementor-top-column elementor-element elementor-element-ac44cfc\" data-id=\"ac44cfc\" data-element_type=\"column\">\n\t\t\t<div class=\"elementor-widget-wrap elementor-element-populated\">\n\t\t\t\t\t\t<div class=\"elementor-element elementor-element-15b0cc5 elementor-widget elementor-widget-heading\" data-id=\"15b0cc5\" data-element_type=\"widget\" data-widget_type=\"heading.default\">\n\t\t\t\t<div class=\"elementor-widget-container\">\n\t\t\t\t\t<h2 class=\"elementor-heading-title elementor-size-default\">Eventos<\/h2>\t\t\t\t<\/div>\n\t\t\t\t<\/div>\n\t\t\t\t\t<\/div>\n\t\t<\/div>\n\t\t\t\t\t<\/div>\n\t\t<\/section>\n\t\t\t\t<section class=\"elementor-section elementor-top-section elementor-element elementor-element-267606c elementor-section-height-min-height elementor-section-boxed elementor-section-height-default elementor-section-items-middle\" data-id=\"267606c\" data-element_type=\"section\" data-settings=\"{&quot;_ha_eqh_enable&quot;:false}\">\n\t\t\t\t\t\t<div class=\"elementor-container elementor-column-gap-default\">\n\t\t\t\t\t<div class=\"elementor-column elementor-col-50 elementor-top-column elementor-element elementor-element-23cde56\" data-id=\"23cde56\" data-element_type=\"column\">\n\t\t\t<div class=\"elementor-widget-wrap elementor-element-populated\">\n\t\t\t\t\t\t<div class=\"elementor-element elementor-element-0db1ab9 elementor-invisible elementor-widget elementor-widget-image\" data-id=\"0db1ab9\" data-element_type=\"widget\" data-settings=\"{&quot;_animation&quot;:&quot;zoomInDown&quot;}\" data-widget_type=\"image.default\">\n\t\t\t\t<div class=\"elementor-widget-container\">\n\t\t\t\t\t\t\t\t\t\t\t\t\t\t\t\t<a href=\"https:\/\/www.bocaboca.com.br\/cine-pitching\/\" target=\"_blank\">\n\t\t\t\t\t\t\t<img fetchpriority=\"high\" decoding=\"async\" width=\"768\" height=\"240\" src=\"https:\/\/www.bocaboca.com.br\/cine-pitching\/wp-content\/uploads\/2025\/08\/bocaboca.com.br_cine-pitching-eventos-1-768x240.png\" class=\"attachment-medium_large size-medium_large wp-image-27220\" alt=\"\" srcset=\"https:\/\/www.bocaboca.com.br\/cine-pitching\/wp-content\/uploads\/2025\/08\/bocaboca.com.br_cine-pitching-eventos-1-768x240.png 768w, https:\/\/www.bocaboca.com.br\/cine-pitching\/wp-content\/uploads\/2025\/08\/bocaboca.com.br_cine-pitching-eventos-1-300x94.png 300w, https:\/\/www.bocaboca.com.br\/cine-pitching\/wp-content\/uploads\/2025\/08\/bocaboca.com.br_cine-pitching-eventos-1-1024x320.png 1024w, https:\/\/www.bocaboca.com.br\/cine-pitching\/wp-content\/uploads\/2025\/08\/bocaboca.com.br_cine-pitching-eventos-1-1536x480.png 1536w, https:\/\/www.bocaboca.com.br\/cine-pitching\/wp-content\/uploads\/2025\/08\/bocaboca.com.br_cine-pitching-eventos-1.png 1920w\" sizes=\"(max-width: 768px) 100vw, 768px\" \/>\t\t\t\t\t\t\t\t<\/a>\n\t\t\t\t\t\t\t\t\t\t\t\t\t\t\t<\/div>\n\t\t\t\t<\/div>\n\t\t\t\t\t<\/div>\n\t\t<\/div>\n\t\t\t\t<div class=\"elementor-column elementor-col-50 elementor-top-column elementor-element elementor-element-c432a2b\" data-id=\"c432a2b\" data-element_type=\"column\">\n\t\t\t<div class=\"elementor-widget-wrap elementor-element-populated\">\n\t\t\t\t\t\t<div class=\"elementor-element elementor-element-d8637a6 elementor-invisible elementor-widget elementor-widget-image\" data-id=\"d8637a6\" data-element_type=\"widget\" data-settings=\"{&quot;_animation&quot;:&quot;zoomInDown&quot;}\" data-widget_type=\"image.default\">\n\t\t\t\t<div class=\"elementor-widget-container\">\n\t\t\t\t\t\t\t\t\t\t\t\t\t\t\t\t<a href=\"https:\/\/lafiestadelcine.bocaboca.com.br\/\" target=\"_blank\">\n\t\t\t\t\t\t\t<img decoding=\"async\" width=\"768\" height=\"633\" src=\"https:\/\/www.bocaboca.com.br\/cine-pitching\/wp-content\/uploads\/2025\/03\/bocaboca.com.br_cine-pitching-lafiesta-logo-letra-768x633.png\" class=\"attachment-medium_large size-medium_large wp-image-26908\" alt=\"\" srcset=\"https:\/\/www.bocaboca.com.br\/cine-pitching\/wp-content\/uploads\/2025\/03\/bocaboca.com.br_cine-pitching-lafiesta-logo-letra-768x633.png 768w, https:\/\/www.bocaboca.com.br\/cine-pitching\/wp-content\/uploads\/2025\/03\/bocaboca.com.br_cine-pitching-lafiesta-logo-letra-300x247.png 300w, https:\/\/www.bocaboca.com.br\/cine-pitching\/wp-content\/uploads\/2025\/03\/bocaboca.com.br_cine-pitching-lafiesta-logo-letra-1024x844.png 1024w, https:\/\/www.bocaboca.com.br\/cine-pitching\/wp-content\/uploads\/2025\/03\/bocaboca.com.br_cine-pitching-lafiesta-logo-letra-1536x1266.png 1536w, https:\/\/www.bocaboca.com.br\/cine-pitching\/wp-content\/uploads\/2025\/03\/bocaboca.com.br_cine-pitching-lafiesta-logo-letra.png 1702w\" sizes=\"(max-width: 768px) 100vw, 768px\" \/>\t\t\t\t\t\t\t\t<\/a>\n\t\t\t\t\t\t\t\t\t\t\t\t\t\t\t<\/div>\n\t\t\t\t<\/div>\n\t\t\t\t\t<\/div>\n\t\t<\/div>\n\t\t\t\t\t<\/div>\n\t\t<\/section>\n\t\t\t\t<\/div>\n\t\t","protected":false},"excerpt":{"rendered":"<p>Eventos<\/p>\n","protected":false},"author":3,"featured_media":0,"parent":0,"menu_order":0,"comment_status":"closed","ping_status":"closed","template":"elementor_header_footer","meta":{"footnotes":""},"class_list":["post-27217","page","type-page","status-publish","hentry"],"yoast_head":"<!-- This site is optimized with the Yoast SEO plugin v27.2 - https:\/\/yoast.com\/product\/yoast-seo-wordpress\/ -->\n<title>Eventos &#8226; CINE PITCHING<\/title>\n<meta name=\"robots\" content=\"index, follow, max-snippet:-1, max-image-preview:large, max-video-preview:-1\" \/>\n<link rel=\"canonical\" href=\"https:\/\/www.bocaboca.com.br\/cine-pitching\/eventos\/\" \/>\n<meta property=\"og:locale\" content=\"pt_BR\" \/>\n<meta property=\"og:type\" content=\"article\" \/>\n<meta property=\"og:title\" content=\"Eventos &#8226; CINE PITCHING\" \/>\n<meta property=\"og:description\" content=\"Eventos\" \/>\n<meta property=\"og:url\" content=\"https:\/\/www.bocaboca.com.br\/cine-pitching\/eventos\/\" \/>\n<meta property=\"og:site_name\" content=\"CINE PITCHING\" \/>\n<meta property=\"article:publisher\" content=\"https:\/\/www.facebook.com\/BocaABocaFilmes\" \/>\n<meta property=\"article:modified_time\" content=\"2025-08-09T21:05:31+00:00\" \/>\n<meta property=\"og:image\" content=\"https:\/\/www.bocaboca.com.br\/cine-pitching\/wp-content\/uploads\/2025\/08\/bocaboca.com.br_cine-pitching-eventos-1.png\" \/>\n\t<meta property=\"og:image:width\" content=\"1920\" \/>\n\t<meta property=\"og:image:height\" content=\"600\" \/>\n\t<meta property=\"og:image:type\" content=\"image\/png\" \/>\n<meta name=\"twitter:card\" content=\"summary_large_image\" \/>\n<meta name=\"twitter:label1\" content=\"Est. tempo de leitura\" \/>\n\t<meta name=\"twitter:data1\" content=\"1 minuto\" \/>\n<script type=\"application\/ld+json\" class=\"yoast-schema-graph\">{\"@context\":\"https:\/\/schema.org\",\"@graph\":[{\"@type\":\"WebPage\",\"@id\":\"https:\/\/www.bocaboca.com.br\/cine-pitching\/eventos\/\",\"url\":\"https:\/\/www.bocaboca.com.br\/cine-pitching\/eventos\/\",\"name\":\"Eventos &#8226; CINE PITCHING\",\"isPartOf\":{\"@id\":\"https:\/\/www.bocaboca.com.br\/cine-pitching\/#website\"},\"primaryImageOfPage\":{\"@id\":\"https:\/\/www.bocaboca.com.br\/cine-pitching\/eventos\/#primaryimage\"},\"image\":{\"@id\":\"https:\/\/www.bocaboca.com.br\/cine-pitching\/eventos\/#primaryimage\"},\"thumbnailUrl\":\"https:\/\/www.bocaboca.com.br\/cine-pitching\/wp-content\/uploads\/2025\/08\/bocaboca.com.br_cine-pitching-eventos-1-768x240.png\",\"datePublished\":\"2025-08-09T21:00:36+00:00\",\"dateModified\":\"2025-08-09T21:05:31+00:00\",\"breadcrumb\":{\"@id\":\"https:\/\/www.bocaboca.com.br\/cine-pitching\/eventos\/#breadcrumb\"},\"inLanguage\":\"pt-BR\",\"potentialAction\":[{\"@type\":\"ReadAction\",\"target\":[\"https:\/\/www.bocaboca.com.br\/cine-pitching\/eventos\/\"]}]},{\"@type\":\"ImageObject\",\"inLanguage\":\"pt-BR\",\"@id\":\"https:\/\/www.bocaboca.com.br\/cine-pitching\/eventos\/#primaryimage\",\"url\":\"https:\/\/www.bocaboca.com.br\/cine-pitching\/wp-content\/uploads\/2025\/08\/bocaboca.com.br_cine-pitching-eventos-1.png\",\"contentUrl\":\"https:\/\/www.bocaboca.com.br\/cine-pitching\/wp-content\/uploads\/2025\/08\/bocaboca.com.br_cine-pitching-eventos-1.png\",\"width\":1920,\"height\":600},{\"@type\":\"BreadcrumbList\",\"@id\":\"https:\/\/www.bocaboca.com.br\/cine-pitching\/eventos\/#breadcrumb\",\"itemListElement\":[{\"@type\":\"ListItem\",\"position\":1,\"name\":\"Home\",\"item\":\"https:\/\/www.bocaboca.com.br\/cine-pitching\/\"},{\"@type\":\"ListItem\",\"position\":2,\"name\":\"Eventos\"}]},{\"@type\":\"WebSite\",\"@id\":\"https:\/\/www.bocaboca.com.br\/cine-pitching\/#website\",\"url\":\"https:\/\/www.bocaboca.com.br\/cine-pitching\/\",\"name\":\"CINE PITCHING\",\"description\":\"9\u00ba CINE PITCHING - 18 de setembro de 2025 - Evento de fomento \u00e0 produ\u00e7\u00e3o nacional de cinema, streaming e televis\u00e3o que re\u00fane cineastas, produtores, distribuidores e programadores em volta de projetos em desenvolvimento.\",\"publisher\":{\"@id\":\"https:\/\/www.bocaboca.com.br\/cine-pitching\/#organization\"},\"potentialAction\":[{\"@type\":\"SearchAction\",\"target\":{\"@type\":\"EntryPoint\",\"urlTemplate\":\"https:\/\/www.bocaboca.com.br\/cine-pitching\/?s={search_term_string}\"},\"query-input\":{\"@type\":\"PropertyValueSpecification\",\"valueRequired\":true,\"valueName\":\"search_term_string\"}}],\"inLanguage\":\"pt-BR\"},{\"@type\":\"Organization\",\"@id\":\"https:\/\/www.bocaboca.com.br\/cine-pitching\/#organization\",\"name\":\"CINE PITCHING\",\"url\":\"https:\/\/www.bocaboca.com.br\/cine-pitching\/\",\"logo\":{\"@type\":\"ImageObject\",\"inLanguage\":\"pt-BR\",\"@id\":\"https:\/\/www.bocaboca.com.br\/cine-pitching\/#\/schema\/logo\/image\/\",\"url\":\"\",\"contentUrl\":\"\",\"caption\":\"CINE PITCHING\"},\"image\":{\"@id\":\"https:\/\/www.bocaboca.com.br\/cine-pitching\/#\/schema\/logo\/image\/\"},\"sameAs\":[\"https:\/\/www.facebook.com\/BocaABocaFilmes\",\"https:\/\/www.youtube.com\/channel\/UCLTNLIm6lVVCubvK1C8Iy0w\"]}]}<\/script>\n<!-- \/ Yoast SEO plugin. -->","yoast_head_json":{"title":"Eventos &#8226; CINE PITCHING","robots":{"index":"index","follow":"follow","max-snippet":"max-snippet:-1","max-image-preview":"max-image-preview:large","max-video-preview":"max-video-preview:-1"},"canonical":"https:\/\/www.bocaboca.com.br\/cine-pitching\/eventos\/","og_locale":"pt_BR","og_type":"article","og_title":"Eventos &#8226; CINE PITCHING","og_description":"Eventos","og_url":"https:\/\/www.bocaboca.com.br\/cine-pitching\/eventos\/","og_site_name":"CINE PITCHING","article_publisher":"https:\/\/www.facebook.com\/BocaABocaFilmes","article_modified_time":"2025-08-09T21:05:31+00:00","og_image":[{"width":1920,"height":600,"url":"https:\/\/www.bocaboca.com.br\/cine-pitching\/wp-content\/uploads\/2025\/08\/bocaboca.com.br_cine-pitching-eventos-1.png","type":"image\/png"}],"twitter_card":"summary_large_image","twitter_misc":{"Est. tempo de leitura":"1 minuto"},"schema":{"@context":"https:\/\/schema.org","@graph":[{"@type":"WebPage","@id":"https:\/\/www.bocaboca.com.br\/cine-pitching\/eventos\/","url":"https:\/\/www.bocaboca.com.br\/cine-pitching\/eventos\/","name":"Eventos &#8226; CINE PITCHING","isPartOf":{"@id":"https:\/\/www.bocaboca.com.br\/cine-pitching\/#website"},"primaryImageOfPage":{"@id":"https:\/\/www.bocaboca.com.br\/cine-pitching\/eventos\/#primaryimage"},"image":{"@id":"https:\/\/www.bocaboca.com.br\/cine-pitching\/eventos\/#primaryimage"},"thumbnailUrl":"https:\/\/www.bocaboca.com.br\/cine-pitching\/wp-content\/uploads\/2025\/08\/bocaboca.com.br_cine-pitching-eventos-1-768x240.png","datePublished":"2025-08-09T21:00:36+00:00","dateModified":"2025-08-09T21:05:31+00:00","breadcrumb":{"@id":"https:\/\/www.bocaboca.com.br\/cine-pitching\/eventos\/#breadcrumb"},"inLanguage":"pt-BR","potentialAction":[{"@type":"ReadAction","target":["https:\/\/www.bocaboca.com.br\/cine-pitching\/eventos\/"]}]},{"@type":"ImageObject","inLanguage":"pt-BR","@id":"https:\/\/www.bocaboca.com.br\/cine-pitching\/eventos\/#primaryimage","url":"https:\/\/www.bocaboca.com.br\/cine-pitching\/wp-content\/uploads\/2025\/08\/bocaboca.com.br_cine-pitching-eventos-1.png","contentUrl":"https:\/\/www.bocaboca.com.br\/cine-pitching\/wp-content\/uploads\/2025\/08\/bocaboca.com.br_cine-pitching-eventos-1.png","width":1920,"height":600},{"@type":"BreadcrumbList","@id":"https:\/\/www.bocaboca.com.br\/cine-pitching\/eventos\/#breadcrumb","itemListElement":[{"@type":"ListItem","position":1,"name":"Home","item":"https:\/\/www.bocaboca.com.br\/cine-pitching\/"},{"@type":"ListItem","position":2,"name":"Eventos"}]},{"@type":"WebSite","@id":"https:\/\/www.bocaboca.com.br\/cine-pitching\/#website","url":"https:\/\/www.bocaboca.com.br\/cine-pitching\/","name":"CINE PITCHING","description":"9\u00ba CINE PITCHING - 18 de setembro de 2025 - Evento de fomento \u00e0 produ\u00e7\u00e3o nacional de cinema, streaming e televis\u00e3o que re\u00fane cineastas, produtores, distribuidores e programadores em volta de projetos em desenvolvimento.","publisher":{"@id":"https:\/\/www.bocaboca.com.br\/cine-pitching\/#organization"},"potentialAction":[{"@type":"SearchAction","target":{"@type":"EntryPoint","urlTemplate":"https:\/\/www.bocaboca.com.br\/cine-pitching\/?s={search_term_string}"},"query-input":{"@type":"PropertyValueSpecification","valueRequired":true,"valueName":"search_term_string"}}],"inLanguage":"pt-BR"},{"@type":"Organization","@id":"https:\/\/www.bocaboca.com.br\/cine-pitching\/#organization","name":"CINE PITCHING","url":"https:\/\/www.bocaboca.com.br\/cine-pitching\/","logo":{"@type":"ImageObject","inLanguage":"pt-BR","@id":"https:\/\/www.bocaboca.com.br\/cine-pitching\/#\/schema\/logo\/image\/","url":"","contentUrl":"","caption":"CINE PITCHING"},"image":{"@id":"https:\/\/www.bocaboca.com.br\/cine-pitching\/#\/schema\/logo\/image\/"},"sameAs":["https:\/\/www.facebook.com\/BocaABocaFilmes","https:\/\/www.youtube.com\/channel\/UCLTNLIm6lVVCubvK1C8Iy0w"]}]}},"_links":{"self":[{"href":"https:\/\/www.bocaboca.com.br\/cine-pitching\/wp-json\/wp\/v2\/pages\/27217","targetHints":{"allow":["GET"]}}],"collection":[{"href":"https:\/\/www.bocaboca.com.br\/cine-pitching\/wp-json\/wp\/v2\/pages"}],"about":[{"href":"https:\/\/www.bocaboca.com.br\/cine-pitching\/wp-json\/wp\/v2\/types\/page"}],"author":[{"embeddable":true,"href":"https:\/\/www.bocaboca.com.br\/cine-pitching\/wp-json\/wp\/v2\/users\/3"}],"replies":[{"embeddable":true,"href":"https:\/\/www.bocaboca.com.br\/cine-pitching\/wp-json\/wp\/v2\/comments?post=27217"}],"version-history":[{"count":7,"href":"https:\/\/www.bocaboca.com.br\/cine-pitching\/wp-json\/wp\/v2\/pages\/27217\/revisions"}],"predecessor-version":[{"id":27226,"href":"https:\/\/www.bocaboca.com.br\/cine-pitching\/wp-json\/wp\/v2\/pages\/27217\/revisions\/27226"}],"wp:attachment":[{"href":"https:\/\/www.bocaboca.com.br\/cine-pitching\/wp-json\/wp\/v2\/media?parent=27217"}],"curies":[{"name":"wp","href":"https:\/\/api.w.org\/{rel}","templated":true}]}}