{"id":22104,"date":"2023-07-21T11:53:26","date_gmt":"2023-07-21T14:53:26","guid":{"rendered":"http:\/\/www.bocaboca.com.br\/cine-pitching\/?page_id=22104"},"modified":"2024-07-10T12:16:04","modified_gmt":"2024-07-10T15:16:04","slug":"contato-cine-pitching","status":"publish","type":"page","link":"https:\/\/www.bocaboca.com.br\/cine-pitching\/contato-cine-pitching\/","title":{"rendered":"Contato Cine Pitching"},"content":{"rendered":"\t\t<div data-elementor-type=\"wp-page\" data-elementor-id=\"22104\" class=\"elementor elementor-22104\" data-elementor-settings=\"{&quot;ha_cmc_init_switcher&quot;:&quot;no&quot;}\" data-elementor-post-type=\"page\">\n\t\t\t\t\t\t<section class=\"elementor-section elementor-top-section elementor-element elementor-element-3d77ab6 elementor-section-boxed elementor-section-height-default elementor-section-height-default\" data-id=\"3d77ab6\" data-element_type=\"section\" data-settings=\"{&quot;_ha_eqh_enable&quot;:false}\">\n\t\t\t\t\t\t<div class=\"elementor-container elementor-column-gap-default\">\n\t\t\t\t\t<div class=\"elementor-column elementor-col-100 elementor-top-column elementor-element elementor-element-fb092eb\" data-id=\"fb092eb\" data-element_type=\"column\">\n\t\t\t<div class=\"elementor-widget-wrap elementor-element-populated\">\n\t\t\t\t\t\t<div class=\"elementor-element elementor-element-3df709f elementor-widget elementor-widget-heading\" data-id=\"3df709f\" data-element_type=\"widget\" data-widget_type=\"heading.default\">\n\t\t\t\t<div class=\"elementor-widget-container\">\n\t\t\t\t\t<h2 class=\"elementor-heading-title elementor-size-default\">Formul\u00e1rio de Contato<\/h2>\t\t\t\t<\/div>\n\t\t\t\t<\/div>\n\t\t\t\t\t<\/div>\n\t\t<\/div>\n\t\t\t\t\t<\/div>\n\t\t<\/section>\n\t\t\t\t<section class=\"elementor-section elementor-top-section elementor-element elementor-element-ed1411d elementor-section-boxed elementor-section-height-default elementor-section-height-default\" data-id=\"ed1411d\" data-element_type=\"section\" data-settings=\"{&quot;_ha_eqh_enable&quot;:false}\">\n\t\t\t\t\t\t<div class=\"elementor-container elementor-column-gap-default\">\n\t\t\t\t\t<div class=\"elementor-column elementor-col-100 elementor-top-column elementor-element elementor-element-64123f7\" data-id=\"64123f7\" data-element_type=\"column\">\n\t\t\t<div class=\"elementor-widget-wrap elementor-element-populated\">\n\t\t\t\t\t\t<div class=\"elementor-element elementor-element-357f722 elementor-widget elementor-widget-ha-cf7 happy-addon ha-cf7\" data-id=\"357f722\" data-element_type=\"widget\" data-widget_type=\"ha-cf7.default\">\n\t\t\t\t<div class=\"elementor-widget-container\">\n\t\t\t\t\t\n<div class=\"wpcf7 no-js\" id=\"wpcf7-f22105-o1\" lang=\"pt-BR\" dir=\"ltr\" data-wpcf7-id=\"22105\">\n<div class=\"screen-reader-response\"><p role=\"status\" aria-live=\"polite\" aria-atomic=\"true\"><\/p> <ul><\/ul><\/div>\n<form action=\"\/cine-pitching\/wp-json\/wp\/v2\/pages\/22104#wpcf7-f22105-o1\" method=\"post\" class=\"wpcf7-form init ha-cf7-form\" aria-label=\"Formul\u00e1rios de contato\" enctype=\"multipart\/form-data\" novalidate=\"novalidate\" data-status=\"init\">\n<fieldset class=\"hidden-fields-container\"><input type=\"hidden\" name=\"_wpcf7\" value=\"22105\" \/><input type=\"hidden\" name=\"_wpcf7_version\" value=\"6.1.5\" \/><input type=\"hidden\" name=\"_wpcf7_locale\" value=\"pt_BR\" \/><input type=\"hidden\" name=\"_wpcf7_unit_tag\" value=\"wpcf7-f22105-o1\" \/><input type=\"hidden\" name=\"_wpcf7_container_post\" value=\"0\" \/><input type=\"hidden\" name=\"_wpcf7_posted_data_hash\" value=\"\" \/><input type=\"hidden\" name=\"_wpcf7cf_hidden_group_fields\" value=\"[]\" \/><input type=\"hidden\" name=\"_wpcf7cf_hidden_groups\" value=\"[]\" \/><input type=\"hidden\" name=\"_wpcf7cf_visible_groups\" value=\"[]\" \/><input type=\"hidden\" name=\"_wpcf7cf_repeaters\" value=\"[]\" \/><input type=\"hidden\" name=\"_wpcf7cf_steps\" value=\"{}\" \/><input type=\"hidden\" name=\"_wpcf7cf_options\" value=\"{&quot;form_id&quot;:22105,&quot;conditions&quot;:[],&quot;settings&quot;:{&quot;animation&quot;:&quot;yes&quot;,&quot;animation_intime&quot;:200,&quot;animation_outtime&quot;:200,&quot;conditions_ui&quot;:&quot;normal&quot;,&quot;notice_dismissed&quot;:false,&quot;notice_dismissed_rollback-cf7-5.4.1&quot;:true,&quot;notice_dismissed_rollback-cf7-5.6&quot;:true,&quot;notice_dismissed_rollback-cf7-5.6.1&quot;:true,&quot;notice_dismissed_rollback-cf7-5.7.7&quot;:true,&quot;notice_dismissed_rollback-cf7-6.0.6&quot;:true}}\" \/>\n<\/fieldset>\n<div class=\"form-group\">\n\t<p><label class=\"form-label\">Nome<\/label>\n\t<\/p>\n\t<div class=\"form-field\">\n\t\t<p><span class=\"wpcf7-form-control-wrap\" data-name=\"NOME\"><input size=\"40\" maxlength=\"100\" class=\"wpcf7-form-control wpcf7-text wpcf7-validates-as-required\" aria-required=\"true\" aria-invalid=\"false\" value=\"\" type=\"text\" name=\"NOME\" \/><\/span>\n\t\t<\/p>\n\t<\/div>\n<\/div>\n<div class=\"form-group\">\n\t<p><label class=\"form-label\">E-mail de contato<\/label>\n\t<\/p>\n\t<div class=\"form-field\">\n\t\t<p><span class=\"wpcf7-form-control-wrap\" data-name=\"EMAIL\"><input size=\"40\" maxlength=\"100\" class=\"wpcf7-form-control wpcf7-email wpcf7-validates-as-required wpcf7-text wpcf7-validates-as-email\" aria-required=\"true\" aria-invalid=\"false\" value=\"\" type=\"email\" name=\"EMAIL\" \/><\/span>\n\t\t<\/p>\n\t<\/div>\n<\/div>\n<div class=\"form-group\">\n\t<p><label class=\"form-label\"><br \/>\nEnvie uma mensagem<\/label>\n\t<\/p>\n\t<div class=\"form-field\">\n\t\t<p><span class=\"wpcf7-form-control-wrap\" data-name=\"mensagem\"><textarea cols=\"40\" rows=\"10\" maxlength=\"2000\" class=\"wpcf7-form-control wpcf7-textarea wpcf7-validates-as-required\" aria-required=\"true\" aria-invalid=\"false\" name=\"mensagem\"><\/textarea><\/span>\n\t\t<\/p>\n\t<\/div>\n<\/div>\n<p><input class=\"wpcf7-form-control wpcf7-submit has-spinner\" type=\"submit\" value=\"ENVIAR\" \/>\n<\/p>\n<p><span style=\"display:none;\"><span class=\"wpcf7-form-control-wrap\" data-name=\"file-upload\"><input size=\"40\" class=\"wpcf7-form-control wpcf7-file\" accept=\"audio\/*,video\/*,image\/*\" aria-invalid=\"false\" type=\"file\" name=\"file-upload\" \/><\/span><\/span>\n<\/p><div class=\"wpcf7-response-output\" aria-hidden=\"true\"><\/div>\n<\/form>\n<\/div>\n\t\t\t\t<\/div>\n\t\t\t\t<\/div>\n\t\t\t\t\t<\/div>\n\t\t<\/div>\n\t\t\t\t\t<\/div>\n\t\t<\/section>\n\t\t\t\t<\/div>\n\t\t","protected":false},"excerpt":{"rendered":"<p>Formul\u00e1rio de Contato Nome E-mail de contato Envie uma mensagem<\/p>\n","protected":false},"author":3,"featured_media":21623,"parent":0,"menu_order":0,"comment_status":"closed","ping_status":"closed","template":"elementor_header_footer","meta":{"footnotes":""},"class_list":["post-22104","page","type-page","status-publish","has-post-thumbnail","hentry"],"yoast_head":"<!-- This site is optimized with the Yoast SEO plugin v27.2 - https:\/\/yoast.com\/product\/yoast-seo-wordpress\/ -->\n<title>Contato Cine Pitching &#8226; CINE PITCHING<\/title>\n<meta name=\"robots\" content=\"index, follow, max-snippet:-1, max-image-preview:large, max-video-preview:-1\" \/>\n<link rel=\"canonical\" href=\"https:\/\/www.bocaboca.com.br\/cine-pitching\/contato-cine-pitching\/\" \/>\n<meta property=\"og:locale\" content=\"pt_BR\" \/>\n<meta property=\"og:type\" content=\"article\" \/>\n<meta property=\"og:title\" content=\"Contato Cine Pitching &#8226; CINE PITCHING\" \/>\n<meta property=\"og:description\" content=\"Formul\u00e1rio de Contato Nome E-mail de contato Envie uma mensagem\" \/>\n<meta property=\"og:url\" content=\"https:\/\/www.bocaboca.com.br\/cine-pitching\/contato-cine-pitching\/\" \/>\n<meta property=\"og:site_name\" content=\"CINE PITCHING\" \/>\n<meta property=\"article:publisher\" content=\"https:\/\/www.facebook.com\/BocaABocaFilmes\" \/>\n<meta property=\"article:modified_time\" content=\"2024-07-10T15:16:04+00:00\" \/>\n<meta property=\"og:image\" content=\"https:\/\/www.bocaboca.com.br\/cine-pitching\/wp-content\/uploads\/2023\/06\/bocaboca.com.br_cine-pitching-pagina-inicial-6cine-pitching.png\" \/>\n\t<meta property=\"og:image:width\" content=\"512\" \/>\n\t<meta property=\"og:image:height\" content=\"512\" \/>\n\t<meta property=\"og:image:type\" content=\"image\/png\" \/>\n<meta name=\"twitter:card\" content=\"summary_large_image\" \/>\n<meta name=\"twitter:label1\" content=\"Est. tempo de leitura\" \/>\n\t<meta name=\"twitter:data1\" content=\"1 minuto\" \/>\n<script type=\"application\/ld+json\" class=\"yoast-schema-graph\">{\"@context\":\"https:\/\/schema.org\",\"@graph\":[{\"@type\":\"WebPage\",\"@id\":\"https:\/\/www.bocaboca.com.br\/cine-pitching\/contato-cine-pitching\/\",\"url\":\"https:\/\/www.bocaboca.com.br\/cine-pitching\/contato-cine-pitching\/\",\"name\":\"Contato Cine Pitching &#8226; CINE PITCHING\",\"isPartOf\":{\"@id\":\"https:\/\/www.bocaboca.com.br\/cine-pitching\/#website\"},\"primaryImageOfPage\":{\"@id\":\"https:\/\/www.bocaboca.com.br\/cine-pitching\/contato-cine-pitching\/#primaryimage\"},\"image\":{\"@id\":\"https:\/\/www.bocaboca.com.br\/cine-pitching\/contato-cine-pitching\/#primaryimage\"},\"thumbnailUrl\":\"https:\/\/www.bocaboca.com.br\/cine-pitching\/wp-content\/uploads\/2023\/06\/bocaboca.com.br_cine-pitching-pagina-inicial-6cine-pitching.png\",\"datePublished\":\"2023-07-21T14:53:26+00:00\",\"dateModified\":\"2024-07-10T15:16:04+00:00\",\"breadcrumb\":{\"@id\":\"https:\/\/www.bocaboca.com.br\/cine-pitching\/contato-cine-pitching\/#breadcrumb\"},\"inLanguage\":\"pt-BR\",\"potentialAction\":[{\"@type\":\"ReadAction\",\"target\":[\"https:\/\/www.bocaboca.com.br\/cine-pitching\/contato-cine-pitching\/\"]}]},{\"@type\":\"ImageObject\",\"inLanguage\":\"pt-BR\",\"@id\":\"https:\/\/www.bocaboca.com.br\/cine-pitching\/contato-cine-pitching\/#primaryimage\",\"url\":\"https:\/\/www.bocaboca.com.br\/cine-pitching\/wp-content\/uploads\/2023\/06\/bocaboca.com.br_cine-pitching-pagina-inicial-6cine-pitching.png\",\"contentUrl\":\"https:\/\/www.bocaboca.com.br\/cine-pitching\/wp-content\/uploads\/2023\/06\/bocaboca.com.br_cine-pitching-pagina-inicial-6cine-pitching.png\",\"width\":512,\"height\":512},{\"@type\":\"BreadcrumbList\",\"@id\":\"https:\/\/www.bocaboca.com.br\/cine-pitching\/contato-cine-pitching\/#breadcrumb\",\"itemListElement\":[{\"@type\":\"ListItem\",\"position\":1,\"name\":\"Home\",\"item\":\"https:\/\/www.bocaboca.com.br\/cine-pitching\/\"},{\"@type\":\"ListItem\",\"position\":2,\"name\":\"Contato Cine Pitching\"}]},{\"@type\":\"WebSite\",\"@id\":\"https:\/\/www.bocaboca.com.br\/cine-pitching\/#website\",\"url\":\"https:\/\/www.bocaboca.com.br\/cine-pitching\/\",\"name\":\"CINE PITCHING\",\"description\":\"9\u00ba CINE PITCHING - 18 de setembro de 2025 - Evento de fomento \u00e0 produ\u00e7\u00e3o nacional de cinema, streaming e televis\u00e3o que re\u00fane cineastas, produtores, distribuidores e programadores em volta de projetos em desenvolvimento.\",\"publisher\":{\"@id\":\"https:\/\/www.bocaboca.com.br\/cine-pitching\/#organization\"},\"potentialAction\":[{\"@type\":\"SearchAction\",\"target\":{\"@type\":\"EntryPoint\",\"urlTemplate\":\"https:\/\/www.bocaboca.com.br\/cine-pitching\/?s={search_term_string}\"},\"query-input\":{\"@type\":\"PropertyValueSpecification\",\"valueRequired\":true,\"valueName\":\"search_term_string\"}}],\"inLanguage\":\"pt-BR\"},{\"@type\":\"Organization\",\"@id\":\"https:\/\/www.bocaboca.com.br\/cine-pitching\/#organization\",\"name\":\"CINE PITCHING\",\"url\":\"https:\/\/www.bocaboca.com.br\/cine-pitching\/\",\"logo\":{\"@type\":\"ImageObject\",\"inLanguage\":\"pt-BR\",\"@id\":\"https:\/\/www.bocaboca.com.br\/cine-pitching\/#\/schema\/logo\/image\/\",\"url\":\"\",\"contentUrl\":\"\",\"caption\":\"CINE PITCHING\"},\"image\":{\"@id\":\"https:\/\/www.bocaboca.com.br\/cine-pitching\/#\/schema\/logo\/image\/\"},\"sameAs\":[\"https:\/\/www.facebook.com\/BocaABocaFilmes\",\"https:\/\/www.youtube.com\/channel\/UCLTNLIm6lVVCubvK1C8Iy0w\"]}]}<\/script>\n<!-- \/ Yoast SEO plugin. -->","yoast_head_json":{"title":"Contato Cine Pitching &#8226; CINE PITCHING","robots":{"index":"index","follow":"follow","max-snippet":"max-snippet:-1","max-image-preview":"max-image-preview:large","max-video-preview":"max-video-preview:-1"},"canonical":"https:\/\/www.bocaboca.com.br\/cine-pitching\/contato-cine-pitching\/","og_locale":"pt_BR","og_type":"article","og_title":"Contato Cine Pitching &#8226; CINE PITCHING","og_description":"Formul\u00e1rio de Contato Nome E-mail de contato Envie uma mensagem","og_url":"https:\/\/www.bocaboca.com.br\/cine-pitching\/contato-cine-pitching\/","og_site_name":"CINE PITCHING","article_publisher":"https:\/\/www.facebook.com\/BocaABocaFilmes","article_modified_time":"2024-07-10T15:16:04+00:00","og_image":[{"width":512,"height":512,"url":"https:\/\/www.bocaboca.com.br\/cine-pitching\/wp-content\/uploads\/2023\/06\/bocaboca.com.br_cine-pitching-pagina-inicial-6cine-pitching.png","type":"image\/png"}],"twitter_card":"summary_large_image","twitter_misc":{"Est. tempo de leitura":"1 minuto"},"schema":{"@context":"https:\/\/schema.org","@graph":[{"@type":"WebPage","@id":"https:\/\/www.bocaboca.com.br\/cine-pitching\/contato-cine-pitching\/","url":"https:\/\/www.bocaboca.com.br\/cine-pitching\/contato-cine-pitching\/","name":"Contato Cine Pitching &#8226; CINE PITCHING","isPartOf":{"@id":"https:\/\/www.bocaboca.com.br\/cine-pitching\/#website"},"primaryImageOfPage":{"@id":"https:\/\/www.bocaboca.com.br\/cine-pitching\/contato-cine-pitching\/#primaryimage"},"image":{"@id":"https:\/\/www.bocaboca.com.br\/cine-pitching\/contato-cine-pitching\/#primaryimage"},"thumbnailUrl":"https:\/\/www.bocaboca.com.br\/cine-pitching\/wp-content\/uploads\/2023\/06\/bocaboca.com.br_cine-pitching-pagina-inicial-6cine-pitching.png","datePublished":"2023-07-21T14:53:26+00:00","dateModified":"2024-07-10T15:16:04+00:00","breadcrumb":{"@id":"https:\/\/www.bocaboca.com.br\/cine-pitching\/contato-cine-pitching\/#breadcrumb"},"inLanguage":"pt-BR","potentialAction":[{"@type":"ReadAction","target":["https:\/\/www.bocaboca.com.br\/cine-pitching\/contato-cine-pitching\/"]}]},{"@type":"ImageObject","inLanguage":"pt-BR","@id":"https:\/\/www.bocaboca.com.br\/cine-pitching\/contato-cine-pitching\/#primaryimage","url":"https:\/\/www.bocaboca.com.br\/cine-pitching\/wp-content\/uploads\/2023\/06\/bocaboca.com.br_cine-pitching-pagina-inicial-6cine-pitching.png","contentUrl":"https:\/\/www.bocaboca.com.br\/cine-pitching\/wp-content\/uploads\/2023\/06\/bocaboca.com.br_cine-pitching-pagina-inicial-6cine-pitching.png","width":512,"height":512},{"@type":"BreadcrumbList","@id":"https:\/\/www.bocaboca.com.br\/cine-pitching\/contato-cine-pitching\/#breadcrumb","itemListElement":[{"@type":"ListItem","position":1,"name":"Home","item":"https:\/\/www.bocaboca.com.br\/cine-pitching\/"},{"@type":"ListItem","position":2,"name":"Contato Cine Pitching"}]},{"@type":"WebSite","@id":"https:\/\/www.bocaboca.com.br\/cine-pitching\/#website","url":"https:\/\/www.bocaboca.com.br\/cine-pitching\/","name":"CINE PITCHING","description":"9\u00ba CINE PITCHING - 18 de setembro de 2025 - Evento de fomento \u00e0 produ\u00e7\u00e3o nacional de cinema, streaming e televis\u00e3o que re\u00fane cineastas, produtores, distribuidores e programadores em volta de projetos em desenvolvimento.","publisher":{"@id":"https:\/\/www.bocaboca.com.br\/cine-pitching\/#organization"},"potentialAction":[{"@type":"SearchAction","target":{"@type":"EntryPoint","urlTemplate":"https:\/\/www.bocaboca.com.br\/cine-pitching\/?s={search_term_string}"},"query-input":{"@type":"PropertyValueSpecification","valueRequired":true,"valueName":"search_term_string"}}],"inLanguage":"pt-BR"},{"@type":"Organization","@id":"https:\/\/www.bocaboca.com.br\/cine-pitching\/#organization","name":"CINE PITCHING","url":"https:\/\/www.bocaboca.com.br\/cine-pitching\/","logo":{"@type":"ImageObject","inLanguage":"pt-BR","@id":"https:\/\/www.bocaboca.com.br\/cine-pitching\/#\/schema\/logo\/image\/","url":"","contentUrl":"","caption":"CINE PITCHING"},"image":{"@id":"https:\/\/www.bocaboca.com.br\/cine-pitching\/#\/schema\/logo\/image\/"},"sameAs":["https:\/\/www.facebook.com\/BocaABocaFilmes","https:\/\/www.youtube.com\/channel\/UCLTNLIm6lVVCubvK1C8Iy0w"]}]}},"_links":{"self":[{"href":"https:\/\/www.bocaboca.com.br\/cine-pitching\/wp-json\/wp\/v2\/pages\/22104","targetHints":{"allow":["GET"]}}],"collection":[{"href":"https:\/\/www.bocaboca.com.br\/cine-pitching\/wp-json\/wp\/v2\/pages"}],"about":[{"href":"https:\/\/www.bocaboca.com.br\/cine-pitching\/wp-json\/wp\/v2\/types\/page"}],"author":[{"embeddable":true,"href":"https:\/\/www.bocaboca.com.br\/cine-pitching\/wp-json\/wp\/v2\/users\/3"}],"replies":[{"embeddable":true,"href":"https:\/\/www.bocaboca.com.br\/cine-pitching\/wp-json\/wp\/v2\/comments?post=22104"}],"version-history":[{"count":10,"href":"https:\/\/www.bocaboca.com.br\/cine-pitching\/wp-json\/wp\/v2\/pages\/22104\/revisions"}],"predecessor-version":[{"id":24915,"href":"https:\/\/www.bocaboca.com.br\/cine-pitching\/wp-json\/wp\/v2\/pages\/22104\/revisions\/24915"}],"wp:featuredmedia":[{"embeddable":true,"href":"https:\/\/www.bocaboca.com.br\/cine-pitching\/wp-json\/wp\/v2\/media\/21623"}],"wp:attachment":[{"href":"https:\/\/www.bocaboca.com.br\/cine-pitching\/wp-json\/wp\/v2\/media?parent=22104"}],"curies":[{"name":"wp","href":"https:\/\/api.w.org\/{rel}","templated":true}]}}