{"id":20910,"date":"2022-08-17T18:06:15","date_gmt":"2022-08-17T21:06:15","guid":{"rendered":"http:\/\/www.bocaboca.com.br\/cine-pitching\/?page_id=20910"},"modified":"2025-08-08T19:00:53","modified_gmt":"2025-08-08T22:00:53","slug":"workshop","status":"publish","type":"page","link":"https:\/\/www.bocaboca.com.br\/cine-pitching\/workshop\/","title":{"rendered":"Workshop"},"content":{"rendered":"\t\t<div data-elementor-type=\"wp-page\" data-elementor-id=\"20910\" class=\"elementor elementor-20910\" data-elementor-settings=\"{&quot;ha_cmc_init_switcher&quot;:&quot;no&quot;}\" data-elementor-post-type=\"page\">\n\t\t\t\t\t\t<section class=\"elementor-section elementor-top-section elementor-element elementor-element-c093a43 elementor-section-boxed elementor-section-height-default elementor-section-height-default\" data-id=\"c093a43\" data-element_type=\"section\" data-settings=\"{&quot;_ha_eqh_enable&quot;:false}\">\n\t\t\t\t\t\t<div class=\"elementor-container elementor-column-gap-default\">\n\t\t\t\t\t<div class=\"elementor-column elementor-col-100 elementor-top-column elementor-element elementor-element-a2eb1fa\" data-id=\"a2eb1fa\" data-element_type=\"column\">\n\t\t\t<div class=\"elementor-widget-wrap elementor-element-populated\">\n\t\t\t\t\t\t<div class=\"elementor-element elementor-element-a91173d elementor-widget elementor-widget-heading\" data-id=\"a91173d\" data-element_type=\"widget\" data-widget_type=\"heading.default\">\n\t\t\t\t<div class=\"elementor-widget-container\">\n\t\t\t\t\t<h2 class=\"elementor-heading-title elementor-size-default\">Workshop<\/h2>\t\t\t\t<\/div>\n\t\t\t\t<\/div>\n\t\t\t\t<div class=\"elementor-element elementor-element-8cb8f14 elementor-widget elementor-widget-heading\" data-id=\"8cb8f14\" data-element_type=\"widget\" data-widget_type=\"heading.default\">\n\t\t\t\t<div class=\"elementor-widget-container\">\n\t\t\t\t\t<h2 class=\"elementor-heading-title elementor-size-default\"><span style=\"font-weight: normal\"><br>As agendas ser\u00e3o dispon\u00edveis em breve e acontecer\u00e3o do 20 de agosto ao 8 de\nsetembro. Os workshops s\u00e3o abertos aos selecionados que desejam aprimorar as\nsuas apresenta\u00e7\u00f5es de projeto que dever\u00e3o ser em ingl\u00eas.<\/span><\/h2>\t\t\t\t<\/div>\n\t\t\t\t<\/div>\n\t\t\t\t\t<\/div>\n\t\t<\/div>\n\t\t\t\t\t<\/div>\n\t\t<\/section>\n\t\t\t\t<section class=\"elementor-section elementor-top-section elementor-element elementor-element-da3ba4e elementor-hidden-desktop elementor-hidden-tablet elementor-hidden-mobile elementor-section-boxed elementor-section-height-default elementor-section-height-default\" data-id=\"da3ba4e\" data-element_type=\"section\" data-settings=\"{&quot;_ha_eqh_enable&quot;:false}\">\n\t\t\t\t\t\t<div class=\"elementor-container elementor-column-gap-default\">\n\t\t\t\t\t<div class=\"elementor-column elementor-col-100 elementor-top-column elementor-element elementor-element-8305219\" data-id=\"8305219\" data-element_type=\"column\" data-settings=\"{&quot;background_background&quot;:&quot;classic&quot;}\">\n\t\t\t<div class=\"elementor-widget-wrap elementor-element-populated\">\n\t\t\t\t\t\t<div class=\"elementor-element elementor-element-cb846cc elementor-widget elementor-widget-heading\" data-id=\"cb846cc\" data-element_type=\"widget\" data-widget_type=\"heading.default\">\n\t\t\t\t<div class=\"elementor-widget-container\">\n\t\t\t\t\t<h6 class=\"elementor-heading-title elementor-size-default\">Ter\u00e7a-Feira - 30\/08 - 09h30<\/h6>\t\t\t\t<\/div>\n\t\t\t\t<\/div>\n\t\t\t\t\t<\/div>\n\t\t<\/div>\n\t\t\t\t\t<\/div>\n\t\t<\/section>\n\t\t\t\t<section class=\"elementor-section elementor-top-section elementor-element elementor-element-cc5d7ed elementor-hidden-desktop elementor-hidden-tablet elementor-hidden-mobile elementor-section-boxed elementor-section-height-default elementor-section-height-default\" data-id=\"cc5d7ed\" data-element_type=\"section\" data-settings=\"{&quot;_ha_eqh_enable&quot;:false}\">\n\t\t\t\t\t\t<div class=\"elementor-container elementor-column-gap-default\">\n\t\t\t\t\t<div class=\"elementor-column elementor-col-33 elementor-top-column elementor-element elementor-element-66f28a9\" data-id=\"66f28a9\" data-element_type=\"column\" data-settings=\"{&quot;background_background&quot;:&quot;classic&quot;}\">\n\t\t\t<div class=\"elementor-widget-wrap elementor-element-populated\">\n\t\t\t\t\t\t<div class=\"elementor-element elementor-element-3d3515d elementor-widget elementor-widget-heading\" data-id=\"3d3515d\" data-element_type=\"widget\" data-widget_type=\"heading.default\">\n\t\t\t\t<div class=\"elementor-widget-container\">\n\t\t\t\t\t<h6 class=\"elementor-heading-title elementor-size-default\">O Internacional, qual caminho escolher?<\/h6>\t\t\t\t<\/div>\n\t\t\t\t<\/div>\n\t\t\t\t\t<\/div>\n\t\t<\/div>\n\t\t\t\t<div class=\"elementor-column elementor-col-33 elementor-top-column elementor-element elementor-element-8cd03a4\" data-id=\"8cd03a4\" data-element_type=\"column\" data-settings=\"{&quot;background_background&quot;:&quot;classic&quot;}\">\n\t\t\t<div class=\"elementor-widget-wrap elementor-element-populated\">\n\t\t\t\t\t\t<div class=\"elementor-element elementor-element-ccb7f71 elementor-widget elementor-widget-heading\" data-id=\"ccb7f71\" data-element_type=\"widget\" data-widget_type=\"heading.default\">\n\t\t\t\t<div class=\"elementor-widget-container\">\n\t\t\t\t\t<h5 class=\"elementor-heading-title elementor-size-default\">Mesa <\/h5>\t\t\t\t<\/div>\n\t\t\t\t<\/div>\n\t\t\t\t<div class=\"elementor-element elementor-element-50384e2 elementor-widget elementor-widget-text-editor\" data-id=\"50384e2\" data-element_type=\"widget\" data-widget_type=\"text-editor.default\">\n\t\t\t\t<div class=\"elementor-widget-container\">\n\t\t\t\t\t\t\t\t\t<p style=\"text-align: center;\"><b>Fernanda Del Nido &#8211; Espanha<br \/>Xenia Maingot &#8211; Fran\u00e7a<br \/>Anna Berthollet &#8211; Sui\u00e7a<br \/>Quentin Worthington &#8211; Fran\u00e7a<\/b><\/p>\t\t\t\t\t\t\t\t<\/div>\n\t\t\t\t<\/div>\n\t\t\t\t\t<\/div>\n\t\t<\/div>\n\t\t\t\t<div class=\"elementor-column elementor-col-33 elementor-top-column elementor-element elementor-element-e8e006e\" data-id=\"e8e006e\" data-element_type=\"column\" data-settings=\"{&quot;background_background&quot;:&quot;classic&quot;}\">\n\t\t\t<div class=\"elementor-widget-wrap elementor-element-populated\">\n\t\t\t\t\t\t<div class=\"elementor-element elementor-element-2f7fe12 elementor-widget elementor-widget-heading\" data-id=\"2f7fe12\" data-element_type=\"widget\" data-widget_type=\"heading.default\">\n\t\t\t\t<div class=\"elementor-widget-container\">\n\t\t\t\t\t<h5 class=\"elementor-heading-title elementor-size-default\">Moderador<\/h5>\t\t\t\t<\/div>\n\t\t\t\t<\/div>\n\t\t\t\t<div class=\"elementor-element elementor-element-bbb43cf elementor-widget elementor-widget-text-editor\" data-id=\"bbb43cf\" data-element_type=\"widget\" data-widget_type=\"text-editor.default\">\n\t\t\t\t<div class=\"elementor-widget-container\">\n\t\t\t\t\t\t\t\t\t<p style=\"text-align: center;\"><strong>Eric Belhassen<\/strong><\/p>\t\t\t\t\t\t\t\t<\/div>\n\t\t\t\t<\/div>\n\t\t\t\t\t<\/div>\n\t\t<\/div>\n\t\t\t\t\t<\/div>\n\t\t<\/section>\n\t\t\t\t<\/div>\n\t\t","protected":false},"excerpt":{"rendered":"<p>Workshop As agendas ser\u00e3o dispon\u00edveis em breve e acontecer\u00e3o do 20 de agosto ao 8 de setembro. Os workshops s\u00e3o &hellip; <a class=\"kt-excerpt-readmore more-link\" href=\"https:\/\/www.bocaboca.com.br\/cine-pitching\/workshop\/\" aria-label=\"Workshop\">Ler&nbsp;mais<\/a><\/p>\n","protected":false},"author":3,"featured_media":16311,"parent":0,"menu_order":0,"comment_status":"closed","ping_status":"closed","template":"","meta":{"footnotes":""},"class_list":["post-20910","page","type-page","status-publish","has-post-thumbnail","hentry"],"yoast_head":"<!-- This site is optimized with the Yoast SEO plugin v27.2 - https:\/\/yoast.com\/product\/yoast-seo-wordpress\/ -->\n<title>Workshop &#8226; CINE PITCHING<\/title>\n<meta name=\"robots\" content=\"index, follow, max-snippet:-1, max-image-preview:large, max-video-preview:-1\" \/>\n<link rel=\"canonical\" href=\"https:\/\/www.bocaboca.com.br\/cine-pitching\/workshop\/\" \/>\n<meta property=\"og:locale\" content=\"pt_BR\" \/>\n<meta property=\"og:type\" content=\"article\" \/>\n<meta property=\"og:title\" content=\"Workshop &#8226; CINE PITCHING\" \/>\n<meta property=\"og:description\" content=\"Workshop As agendas ser\u00e3o dispon\u00edveis em breve e acontecer\u00e3o do 20 de agosto ao 8 de setembro. Os workshops s\u00e3o &hellip; Ler&nbsp;mais\" \/>\n<meta property=\"og:url\" content=\"https:\/\/www.bocaboca.com.br\/cine-pitching\/workshop\/\" \/>\n<meta property=\"og:site_name\" content=\"CINE PITCHING\" \/>\n<meta property=\"article:publisher\" content=\"https:\/\/www.facebook.com\/BocaABocaFilmes\" \/>\n<meta property=\"article:modified_time\" content=\"2025-08-08T22:00:53+00:00\" \/>\n<meta property=\"og:image\" content=\"https:\/\/www.bocaboca.com.br\/cine-pitching\/wp-content\/uploads\/2022\/07\/bocaboca.com.br_cine-pitching-pagina-inicial-6cine-pitching.png\" \/>\n\t<meta property=\"og:image:width\" content=\"500\" \/>\n\t<meta property=\"og:image:height\" content=\"500\" \/>\n\t<meta property=\"og:image:type\" content=\"image\/png\" \/>\n<meta name=\"twitter:card\" content=\"summary_large_image\" \/>\n<meta name=\"twitter:label1\" content=\"Est. tempo de leitura\" \/>\n\t<meta name=\"twitter:data1\" content=\"1 minuto\" \/>\n<script type=\"application\/ld+json\" class=\"yoast-schema-graph\">{\"@context\":\"https:\/\/schema.org\",\"@graph\":[{\"@type\":\"WebPage\",\"@id\":\"https:\/\/www.bocaboca.com.br\/cine-pitching\/workshop\/\",\"url\":\"https:\/\/www.bocaboca.com.br\/cine-pitching\/workshop\/\",\"name\":\"Workshop &#8226; CINE PITCHING\",\"isPartOf\":{\"@id\":\"https:\/\/www.bocaboca.com.br\/cine-pitching\/#website\"},\"primaryImageOfPage\":{\"@id\":\"https:\/\/www.bocaboca.com.br\/cine-pitching\/workshop\/#primaryimage\"},\"image\":{\"@id\":\"https:\/\/www.bocaboca.com.br\/cine-pitching\/workshop\/#primaryimage\"},\"thumbnailUrl\":\"https:\/\/www.bocaboca.com.br\/cine-pitching\/wp-content\/uploads\/2022\/07\/bocaboca.com.br_cine-pitching-pagina-inicial-6cine-pitching.png\",\"datePublished\":\"2022-08-17T21:06:15+00:00\",\"dateModified\":\"2025-08-08T22:00:53+00:00\",\"breadcrumb\":{\"@id\":\"https:\/\/www.bocaboca.com.br\/cine-pitching\/workshop\/#breadcrumb\"},\"inLanguage\":\"pt-BR\",\"potentialAction\":[{\"@type\":\"ReadAction\",\"target\":[\"https:\/\/www.bocaboca.com.br\/cine-pitching\/workshop\/\"]}]},{\"@type\":\"ImageObject\",\"inLanguage\":\"pt-BR\",\"@id\":\"https:\/\/www.bocaboca.com.br\/cine-pitching\/workshop\/#primaryimage\",\"url\":\"https:\/\/www.bocaboca.com.br\/cine-pitching\/wp-content\/uploads\/2022\/07\/bocaboca.com.br_cine-pitching-pagina-inicial-6cine-pitching.png\",\"contentUrl\":\"https:\/\/www.bocaboca.com.br\/cine-pitching\/wp-content\/uploads\/2022\/07\/bocaboca.com.br_cine-pitching-pagina-inicial-6cine-pitching.png\",\"width\":500,\"height\":500},{\"@type\":\"BreadcrumbList\",\"@id\":\"https:\/\/www.bocaboca.com.br\/cine-pitching\/workshop\/#breadcrumb\",\"itemListElement\":[{\"@type\":\"ListItem\",\"position\":1,\"name\":\"Home\",\"item\":\"https:\/\/www.bocaboca.com.br\/cine-pitching\/\"},{\"@type\":\"ListItem\",\"position\":2,\"name\":\"Workshop\"}]},{\"@type\":\"WebSite\",\"@id\":\"https:\/\/www.bocaboca.com.br\/cine-pitching\/#website\",\"url\":\"https:\/\/www.bocaboca.com.br\/cine-pitching\/\",\"name\":\"CINE PITCHING\",\"description\":\"9\u00ba CINE PITCHING - 18 de setembro de 2025 - Evento de fomento \u00e0 produ\u00e7\u00e3o nacional de cinema, streaming e televis\u00e3o que re\u00fane cineastas, produtores, distribuidores e programadores em volta de projetos em desenvolvimento.\",\"publisher\":{\"@id\":\"https:\/\/www.bocaboca.com.br\/cine-pitching\/#organization\"},\"potentialAction\":[{\"@type\":\"SearchAction\",\"target\":{\"@type\":\"EntryPoint\",\"urlTemplate\":\"https:\/\/www.bocaboca.com.br\/cine-pitching\/?s={search_term_string}\"},\"query-input\":{\"@type\":\"PropertyValueSpecification\",\"valueRequired\":true,\"valueName\":\"search_term_string\"}}],\"inLanguage\":\"pt-BR\"},{\"@type\":\"Organization\",\"@id\":\"https:\/\/www.bocaboca.com.br\/cine-pitching\/#organization\",\"name\":\"CINE PITCHING\",\"url\":\"https:\/\/www.bocaboca.com.br\/cine-pitching\/\",\"logo\":{\"@type\":\"ImageObject\",\"inLanguage\":\"pt-BR\",\"@id\":\"https:\/\/www.bocaboca.com.br\/cine-pitching\/#\/schema\/logo\/image\/\",\"url\":\"\",\"contentUrl\":\"\",\"caption\":\"CINE PITCHING\"},\"image\":{\"@id\":\"https:\/\/www.bocaboca.com.br\/cine-pitching\/#\/schema\/logo\/image\/\"},\"sameAs\":[\"https:\/\/www.facebook.com\/BocaABocaFilmes\",\"https:\/\/www.youtube.com\/channel\/UCLTNLIm6lVVCubvK1C8Iy0w\"]}]}<\/script>\n<!-- \/ Yoast SEO plugin. -->","yoast_head_json":{"title":"Workshop &#8226; CINE PITCHING","robots":{"index":"index","follow":"follow","max-snippet":"max-snippet:-1","max-image-preview":"max-image-preview:large","max-video-preview":"max-video-preview:-1"},"canonical":"https:\/\/www.bocaboca.com.br\/cine-pitching\/workshop\/","og_locale":"pt_BR","og_type":"article","og_title":"Workshop &#8226; CINE PITCHING","og_description":"Workshop As agendas ser\u00e3o dispon\u00edveis em breve e acontecer\u00e3o do 20 de agosto ao 8 de setembro. Os workshops s\u00e3o &hellip; Ler&nbsp;mais","og_url":"https:\/\/www.bocaboca.com.br\/cine-pitching\/workshop\/","og_site_name":"CINE PITCHING","article_publisher":"https:\/\/www.facebook.com\/BocaABocaFilmes","article_modified_time":"2025-08-08T22:00:53+00:00","og_image":[{"width":500,"height":500,"url":"https:\/\/www.bocaboca.com.br\/cine-pitching\/wp-content\/uploads\/2022\/07\/bocaboca.com.br_cine-pitching-pagina-inicial-6cine-pitching.png","type":"image\/png"}],"twitter_card":"summary_large_image","twitter_misc":{"Est. tempo de leitura":"1 minuto"},"schema":{"@context":"https:\/\/schema.org","@graph":[{"@type":"WebPage","@id":"https:\/\/www.bocaboca.com.br\/cine-pitching\/workshop\/","url":"https:\/\/www.bocaboca.com.br\/cine-pitching\/workshop\/","name":"Workshop &#8226; CINE PITCHING","isPartOf":{"@id":"https:\/\/www.bocaboca.com.br\/cine-pitching\/#website"},"primaryImageOfPage":{"@id":"https:\/\/www.bocaboca.com.br\/cine-pitching\/workshop\/#primaryimage"},"image":{"@id":"https:\/\/www.bocaboca.com.br\/cine-pitching\/workshop\/#primaryimage"},"thumbnailUrl":"https:\/\/www.bocaboca.com.br\/cine-pitching\/wp-content\/uploads\/2022\/07\/bocaboca.com.br_cine-pitching-pagina-inicial-6cine-pitching.png","datePublished":"2022-08-17T21:06:15+00:00","dateModified":"2025-08-08T22:00:53+00:00","breadcrumb":{"@id":"https:\/\/www.bocaboca.com.br\/cine-pitching\/workshop\/#breadcrumb"},"inLanguage":"pt-BR","potentialAction":[{"@type":"ReadAction","target":["https:\/\/www.bocaboca.com.br\/cine-pitching\/workshop\/"]}]},{"@type":"ImageObject","inLanguage":"pt-BR","@id":"https:\/\/www.bocaboca.com.br\/cine-pitching\/workshop\/#primaryimage","url":"https:\/\/www.bocaboca.com.br\/cine-pitching\/wp-content\/uploads\/2022\/07\/bocaboca.com.br_cine-pitching-pagina-inicial-6cine-pitching.png","contentUrl":"https:\/\/www.bocaboca.com.br\/cine-pitching\/wp-content\/uploads\/2022\/07\/bocaboca.com.br_cine-pitching-pagina-inicial-6cine-pitching.png","width":500,"height":500},{"@type":"BreadcrumbList","@id":"https:\/\/www.bocaboca.com.br\/cine-pitching\/workshop\/#breadcrumb","itemListElement":[{"@type":"ListItem","position":1,"name":"Home","item":"https:\/\/www.bocaboca.com.br\/cine-pitching\/"},{"@type":"ListItem","position":2,"name":"Workshop"}]},{"@type":"WebSite","@id":"https:\/\/www.bocaboca.com.br\/cine-pitching\/#website","url":"https:\/\/www.bocaboca.com.br\/cine-pitching\/","name":"CINE PITCHING","description":"9\u00ba CINE PITCHING - 18 de setembro de 2025 - Evento de fomento \u00e0 produ\u00e7\u00e3o nacional de cinema, streaming e televis\u00e3o que re\u00fane cineastas, produtores, distribuidores e programadores em volta de projetos em desenvolvimento.","publisher":{"@id":"https:\/\/www.bocaboca.com.br\/cine-pitching\/#organization"},"potentialAction":[{"@type":"SearchAction","target":{"@type":"EntryPoint","urlTemplate":"https:\/\/www.bocaboca.com.br\/cine-pitching\/?s={search_term_string}"},"query-input":{"@type":"PropertyValueSpecification","valueRequired":true,"valueName":"search_term_string"}}],"inLanguage":"pt-BR"},{"@type":"Organization","@id":"https:\/\/www.bocaboca.com.br\/cine-pitching\/#organization","name":"CINE PITCHING","url":"https:\/\/www.bocaboca.com.br\/cine-pitching\/","logo":{"@type":"ImageObject","inLanguage":"pt-BR","@id":"https:\/\/www.bocaboca.com.br\/cine-pitching\/#\/schema\/logo\/image\/","url":"","contentUrl":"","caption":"CINE PITCHING"},"image":{"@id":"https:\/\/www.bocaboca.com.br\/cine-pitching\/#\/schema\/logo\/image\/"},"sameAs":["https:\/\/www.facebook.com\/BocaABocaFilmes","https:\/\/www.youtube.com\/channel\/UCLTNLIm6lVVCubvK1C8Iy0w"]}]}},"_links":{"self":[{"href":"https:\/\/www.bocaboca.com.br\/cine-pitching\/wp-json\/wp\/v2\/pages\/20910","targetHints":{"allow":["GET"]}}],"collection":[{"href":"https:\/\/www.bocaboca.com.br\/cine-pitching\/wp-json\/wp\/v2\/pages"}],"about":[{"href":"https:\/\/www.bocaboca.com.br\/cine-pitching\/wp-json\/wp\/v2\/types\/page"}],"author":[{"embeddable":true,"href":"https:\/\/www.bocaboca.com.br\/cine-pitching\/wp-json\/wp\/v2\/users\/3"}],"replies":[{"embeddable":true,"href":"https:\/\/www.bocaboca.com.br\/cine-pitching\/wp-json\/wp\/v2\/comments?post=20910"}],"version-history":[{"count":20,"href":"https:\/\/www.bocaboca.com.br\/cine-pitching\/wp-json\/wp\/v2\/pages\/20910\/revisions"}],"predecessor-version":[{"id":27096,"href":"https:\/\/www.bocaboca.com.br\/cine-pitching\/wp-json\/wp\/v2\/pages\/20910\/revisions\/27096"}],"wp:featuredmedia":[{"embeddable":true,"href":"https:\/\/www.bocaboca.com.br\/cine-pitching\/wp-json\/wp\/v2\/media\/16311"}],"wp:attachment":[{"href":"https:\/\/www.bocaboca.com.br\/cine-pitching\/wp-json\/wp\/v2\/media?parent=20910"}],"curies":[{"name":"wp","href":"https:\/\/api.w.org\/{rel}","templated":true}]}}